{"id":667,"date":"2025-11-29T00:20:48","date_gmt":"2025-11-28T16:20:48","guid":{"rendered":"https:\/\/qingshanmetals.com\/?post_type=product&#038;p=667"},"modified":"2025-11-29T00:20:48","modified_gmt":"2025-11-28T16:20:48","slug":"epoxy-resin-coated-steel-bar","status":"publish","type":"product","link":"https:\/\/qingshanmetals.com\/fr\/product\/epoxy-resin-coated-steel-bar\/","title":{"rendered":"Barre en acier rev\u00eatue de r\u00e9sine \u00e9poxy"},"content":{"rendered":"","protected":false},"featured_media":674,"template":"","meta":{"_acf_changed":false},"product-category":[11,20],"class_list":["post-667","product","type-product","status-publish","has-post-thumbnail","hentry","product-category-carbon-steel","product-category-steel-rebar"],"acf":[],"_links":{"self":[{"href":"https:\/\/qingshanmetals.com\/fr\/wp-json\/wp\/v2\/product\/667","targetHints":{"allow":["GET"]}}],"collection":[{"href":"https:\/\/qingshanmetals.com\/fr\/wp-json\/wp\/v2\/product"}],"about":[{"href":"https:\/\/qingshanmetals.com\/fr\/wp-json\/wp\/v2\/types\/product"}],"wp:featuredmedia":[{"embeddable":true,"href":"https:\/\/qingshanmetals.com\/fr\/wp-json\/wp\/v2\/media\/674"}],"wp:attachment":[{"href":"https:\/\/qingshanmetals.com\/fr\/wp-json\/wp\/v2\/media?parent=667"}],"wp:term":[{"taxonomy":"product-category","embeddable":true,"href":"https:\/\/qingshanmetals.com\/fr\/wp-json\/wp\/v2\/product-category?post=667"}],"curies":[{"name":"wp","href":"https:\/\/api.w.org\/{rel}","templated":true}]}}