{"id":319,"date":"2025-11-25T21:13:03","date_gmt":"2025-11-25T13:13:03","guid":{"rendered":"https:\/\/qingshanmetals.com\/?post_type=product&#038;p=319"},"modified":"2025-11-25T21:13:03","modified_gmt":"2025-11-25T13:13:03","slug":"dc01-dc02-dc03-dc04-cold-rolled-steel-plate","status":"publish","type":"product","link":"https:\/\/qingshanmetals.com\/fr\/product\/dc01-dc02-dc03-dc04-cold-rolled-steel-plate\/","title":{"rendered":"DC01\/DC02\/DC03\/DC04 T\u00f4le d'acier lamin\u00e9e \u00e0 froid"},"content":{"rendered":"","protected":false},"featured_media":320,"template":"","meta":{"_acf_changed":false},"product-category":[11,15],"class_list":["post-319","product","type-product","status-publish","has-post-thumbnail","hentry","product-category-carbon-steel","product-category-carbon-steel-plate"],"acf":[],"_links":{"self":[{"href":"https:\/\/qingshanmetals.com\/fr\/wp-json\/wp\/v2\/product\/319","targetHints":{"allow":["GET"]}}],"collection":[{"href":"https:\/\/qingshanmetals.com\/fr\/wp-json\/wp\/v2\/product"}],"about":[{"href":"https:\/\/qingshanmetals.com\/fr\/wp-json\/wp\/v2\/types\/product"}],"wp:featuredmedia":[{"embeddable":true,"href":"https:\/\/qingshanmetals.com\/fr\/wp-json\/wp\/v2\/media\/320"}],"wp:attachment":[{"href":"https:\/\/qingshanmetals.com\/fr\/wp-json\/wp\/v2\/media?parent=319"}],"wp:term":[{"taxonomy":"product-category","embeddable":true,"href":"https:\/\/qingshanmetals.com\/fr\/wp-json\/wp\/v2\/product-category?post=319"}],"curies":[{"name":"wp","href":"https:\/\/api.w.org\/{rel}","templated":true}]}}