{"id":1448,"date":"2025-11-29T11:55:59","date_gmt":"2025-11-29T03:55:59","guid":{"rendered":"https:\/\/qingshanmetals.com\/?post_type=product&#038;p=1448"},"modified":"2025-11-29T11:55:59","modified_gmt":"2025-11-29T03:55:59","slug":"hot-rolled-non-oriented-low-silicon-steel-motor-steel","status":"publish","type":"product","link":"https:\/\/qingshanmetals.com\/fr\/product\/hot-rolled-non-oriented-low-silicon-steel-motor-steel\/","title":{"rendered":"Acier lamin\u00e9 \u00e0 chaud non orient\u00e9 \u00e0 faible teneur en silicium (acier pour moteurs)"},"content":{"rendered":"","protected":false},"featured_media":1449,"template":"","meta":{"_acf_changed":false},"product-category":[48,46],"class_list":["post-1448","product","type-product","status-publish","has-post-thumbnail","hentry","product-category-non-oriented-crngo","product-category-silicon-steel"],"acf":[],"_links":{"self":[{"href":"https:\/\/qingshanmetals.com\/fr\/wp-json\/wp\/v2\/product\/1448","targetHints":{"allow":["GET"]}}],"collection":[{"href":"https:\/\/qingshanmetals.com\/fr\/wp-json\/wp\/v2\/product"}],"about":[{"href":"https:\/\/qingshanmetals.com\/fr\/wp-json\/wp\/v2\/types\/product"}],"wp:featuredmedia":[{"embeddable":true,"href":"https:\/\/qingshanmetals.com\/fr\/wp-json\/wp\/v2\/media\/1449"}],"wp:attachment":[{"href":"https:\/\/qingshanmetals.com\/fr\/wp-json\/wp\/v2\/media?parent=1448"}],"wp:term":[{"taxonomy":"product-category","embeddable":true,"href":"https:\/\/qingshanmetals.com\/fr\/wp-json\/wp\/v2\/product-category?post=1448"}],"curies":[{"name":"wp","href":"https:\/\/api.w.org\/{rel}","templated":true}]}}