{"id":1265,"date":"2025-11-29T11:06:18","date_gmt":"2025-11-29T03:06:18","guid":{"rendered":"https:\/\/qingshanmetals.com\/?post_type=product&#038;p=1265"},"modified":"2025-11-29T11:06:18","modified_gmt":"2025-11-29T03:06:18","slug":"dx53d-z-dx54d-z-galvanized-corrugated-plate","status":"publish","type":"product","link":"https:\/\/qingshanmetals.com\/fr\/product\/dx53d-z-dx54d-z-galvanized-corrugated-plate\/","title":{"rendered":"T\u00f4le ondul\u00e9e galvanis\u00e9e DX53D + Z\/DX54D + Z"},"content":{"rendered":"","protected":false},"featured_media":1282,"template":"","meta":{"_acf_changed":false},"product-category":[13,36],"class_list":["post-1265","product","type-product","status-publish","has-post-thumbnail","hentry","product-category-galvanized-color-coated-steel","product-category-galvanized-corrugated-sheet"],"acf":[],"_links":{"self":[{"href":"https:\/\/qingshanmetals.com\/fr\/wp-json\/wp\/v2\/product\/1265","targetHints":{"allow":["GET"]}}],"collection":[{"href":"https:\/\/qingshanmetals.com\/fr\/wp-json\/wp\/v2\/product"}],"about":[{"href":"https:\/\/qingshanmetals.com\/fr\/wp-json\/wp\/v2\/types\/product"}],"wp:featuredmedia":[{"embeddable":true,"href":"https:\/\/qingshanmetals.com\/fr\/wp-json\/wp\/v2\/media\/1282"}],"wp:attachment":[{"href":"https:\/\/qingshanmetals.com\/fr\/wp-json\/wp\/v2\/media?parent=1265"}],"wp:term":[{"taxonomy":"product-category","embeddable":true,"href":"https:\/\/qingshanmetals.com\/fr\/wp-json\/wp\/v2\/product-category?post=1265"}],"curies":[{"name":"wp","href":"https:\/\/api.w.org\/{rel}","templated":true}]}}