{"id":2177,"date":"2025-12-01T16:26:28","date_gmt":"2025-12-01T08:26:28","guid":{"rendered":"https:\/\/qingshanmetals.com\/?page_id=2177"},"modified":"2025-12-01T16:28:57","modified_gmt":"2025-12-01T08:28:57","slug":"privacy-policy","status":"publish","type":"page","link":"https:\/\/qingshanmetals.com\/fr\/privacy-policy\/","title":{"rendered":"Politique de confidentialit\u00e9"},"content":{"rendered":"<div data-elementor-type=\"wp-page\" data-elementor-id=\"2177\" class=\"elementor elementor-2177\" data-elementor-post-type=\"page\">\n\t\t\t\t\t\t<section class=\"elementor-section elementor-top-section elementor-element elementor-element-3fa35e3 elementor-section-boxed elementor-section-height-default elementor-section-height-default\" data-id=\"3fa35e3\" data-element_type=\"section\" data-settings=\"{&quot;background_background&quot;:&quot;classic&quot;}\">\n\t\t\t\t\t\t\t<div class=\"elementor-background-overlay\"><\/div>\n\t\t\t\t\t\t\t<div class=\"elementor-container elementor-column-gap-default\">\n\t\t\t\t\t<div class=\"elementor-column elementor-col-100 elementor-top-column elementor-element elementor-element-40ca299\" data-id=\"40ca299\" data-element_type=\"column\">\n\t\t\t<div class=\"elementor-widget-wrap elementor-element-populated\">\n\t\t\t\t\t\t<div class=\"elementor-element elementor-element-b18d859 elementor-invisible elementor-widget elementor-widget-heading\" data-id=\"b18d859\" data-element_type=\"widget\" data-settings=\"{&quot;_animation&quot;:&quot;fadeInDown&quot;}\" data-widget_type=\"heading.default\">\n\t\t\t\t\t<h2 class=\"elementor-heading-title elementor-size-default\">Politique de confidentialit\u00e9<\/h2>\t\t\t\t<\/div>\n\t\t\t\t<div class=\"elementor-element elementor-element-6d08913 elementor-icon-list--layout-inline elementor-align-center elementor-widget__width-auto elementor-list-item-link-full_width elementor-invisible elementor-widget elementor-widget-icon-list\" data-id=\"6d08913\" data-element_type=\"widget\" data-settings=\"{&quot;_animation&quot;:&quot;fadeInDown&quot;,&quot;_animation_delay&quot;:720}\" data-widget_type=\"icon-list.default\">\n\t\t\t\t\t\t\t<ul class=\"elementor-icon-list-items elementor-inline-items\">\n\t\t\t\t\t\t\t<li class=\"elementor-icon-list-item elementor-inline-item\">\n\t\t\t\t\t\t\t\t\t\t\t<a href=\"https:\/\/qingshanmetals.com\/fr\">\n\n\t\t\t\t\t\t\t\t\t\t\t<span class=\"elementor-icon-list-text\">Accueil<\/span>\n\t\t\t\t\t\t\t\t\t\t\t<\/a>\n\t\t\t\t\t\t\t\t\t<\/li>\n\t\t\t\t\t\t\t\t<li class=\"elementor-icon-list-item elementor-inline-item\">\n\t\t\t\t\t\t\t\t\t\t\t<a href=\"#\">\n\n\t\t\t\t\t\t\t\t\t\t\t\t<span class=\"elementor-icon-list-icon\">\n\t\t\t\t\t\t\t<i aria-hidden=\"true\" class=\"mdi mdi-chevron-double-right\"><\/i>\t\t\t\t\t\t<\/span>\n\t\t\t\t\t\t\t\t\t\t<span class=\"elementor-icon-list-text\"><\/span>\n\t\t\t\t\t\t\t\t\t\t\t<\/a>\n\t\t\t\t\t\t\t\t\t<\/li>\n\t\t\t\t\t\t<\/ul>\n\t\t\t\t\t\t<\/div>\n\t\t\t\t\t<\/div>\n\t\t<\/div>\n\t\t\t\t\t<\/div>\n\t\t<\/section>\n\t\t<div class=\"elementor-element elementor-element-a6d5054 e-flex e-con-boxed e-con e-parent\" data-id=\"a6d5054\" data-element_type=\"container\">\n\t\t\t\t\t<div class=\"e-con-inner\">\n\t\t\t\t<div class=\"elementor-element elementor-element-9c13555 elementor-widget elementor-widget-text-editor\" data-id=\"9c13555\" data-element_type=\"widget\" data-widget_type=\"text-editor.default\">\n\t\t\t\t\t\t\t\t\t<p>Chez Qingshan Steel, accessible depuis qingshanmetals.com, l'une de nos principales priorit\u00e9s est la confidentialit\u00e9 de nos visiteurs. Le pr\u00e9sent document relatif \u00e0 la politique de confidentialit\u00e9 contient les types d'informations collect\u00e9es et enregistr\u00e9es par Qingshan Steel, ainsi que la mani\u00e8re dont nous les utilisons.<\/p><p>Si vous avez d'autres questions ou souhaitez obtenir plus d'informations sur notre politique de confidentialit\u00e9, n'h\u00e9sitez pas \u00e0 nous contacter.<\/p><p>La pr\u00e9sente politique de confidentialit\u00e9 s'applique uniquement \u00e0 nos activit\u00e9s en ligne et est valable pour les visiteurs de notre site web en ce qui concerne les informations qu'ils ont partag\u00e9es et\/ou collect\u00e9es dans Qingshan Steel. Cette politique ne s'applique pas aux informations collect\u00e9es hors ligne ou par d'autres moyens que ce site web. Notre politique de confidentialit\u00e9 a \u00e9t\u00e9 cr\u00e9\u00e9e \u00e0 l'aide du g\u00e9n\u00e9rateur gratuit de politique de confidentialit\u00e9.<\/p><p>Consentement<\/p><p>En utilisant notre site Web, vous acceptez notre politique de confidentialit\u00e9 et en approuvez les conditions.<\/p><p>Informations que nous collectons<\/p><p>Les informations personnelles que vous \u00eates invit\u00e9 \u00e0 fournir, ainsi que les raisons pour lesquelles elles vous sont demand\u00e9es, vous seront clairement expliqu\u00e9es au moment o\u00f9 nous vous demanderons de les fournir.<\/p><p>Si vous nous contactez directement, nous pouvons recevoir des informations suppl\u00e9mentaires vous concernant, telles que votre nom, votre adresse e-mail, votre num\u00e9ro de t\u00e9l\u00e9phone, le contenu du message et\/ou des pi\u00e8ces jointes que vous pouvez nous envoyer, ainsi que toute autre information que vous choisissez de fournir.<\/p><p>Lorsque vous cr\u00e9ez un compte, nous pouvons vous demander vos coordonn\u00e9es, notamment votre nom, le nom de votre entreprise, votre adresse, votre adresse e-mail et votre num\u00e9ro de t\u00e9l\u00e9phone.<\/p><p>Comment nous utilisons vos informations<\/p><p>Nous utilisons les informations que nous collectons de diff\u00e9rentes mani\u00e8res, notamment pour :<br \/>\u2022 Fournir, exploiter et maintenir notre site Web<br \/>\u2022 Am\u00e9liorer, personnaliser et d\u00e9velopper notre site web<br \/>\u2022 Comprendre et analyser comment vous utilisez notre site Web<br \/>\u2022 D\u00e9velopper de nouveaux produits, services, caract\u00e9ristiques et fonctionnalit\u00e9s<br \/>\u2022 Communiquer avec vous, soit directement, soit par l'interm\u00e9diaire de l'un de nos partenaires, notamment pour le service client\u00e8le, afin de vous fournir des mises \u00e0 jour et d'autres informations relatives au site web, ainsi qu'\u00e0 des fins de marketing et de promotion.<br \/>\u2022 Vous envoyer des courriels<br \/>\u2022 D\u00e9tecter et pr\u00e9venir la fraude<\/p><p>Fichiers journaux<\/p><p>Qingshan Steel suit une proc\u00e9dure standard d'utilisation des fichiers journaux. Ces fichiers enregistrent les visiteurs lorsqu'ils consultent des sites Web. Toutes les soci\u00e9t\u00e9s d'h\u00e9bergement proc\u00e8dent ainsi dans le cadre de l'analyse des services d'h\u00e9bergement. Les informations collect\u00e9es par les fichiers journaux comprennent les adresses IP, le type de navigateur, le fournisseur d'acc\u00e8s Internet (FAI), la date et l'heure, les pages de renvoi\/sortie et \u00e9ventuellement le nombre de clics. Ces informations ne sont li\u00e9es \u00e0 aucune information permettant d'identifier personnellement l'utilisateur. Ces informations ont pour but d'analyser les tendances, d'administrer le site, de suivre les mouvements des utilisateurs sur le site web et de recueillir des informations d\u00e9mographiques.<\/p><p>Cookies et balises Web<\/p><p>Comme tout autre site Web, Qingshan Steel utilise des \u2018 cookies \u2019. Ces cookies servent \u00e0 stocker des informations, notamment les pr\u00e9f\u00e9rences des visiteurs et les pages du site Web auxquelles ils ont acc\u00e9d\u00e9 ou qu'ils ont consult\u00e9es. Ces informations sont utilis\u00e9es pour optimiser l'exp\u00e9rience des utilisateurs en personnalisant le contenu de notre page Web en fonction du type de navigateur des visiteurs et\/ou d'autres informations.<\/p><p>Pour plus d'informations g\u00e9n\u00e9rales sur les cookies, veuillez consulter l'article consacr\u00e9 aux cookies sur le site Web Generate Privacy Policy.<\/p><p>Nos partenaires publicitaires<\/p><p>Certains annonceurs sur notre site peuvent utiliser des cookies et des balises web. Nos partenaires publicitaires sont r\u00e9pertori\u00e9s ci-dessous. Chacun de nos partenaires publicitaires dispose de sa propre politique de confidentialit\u00e9 concernant les donn\u00e9es des utilisateurs. Pour faciliter l'acc\u00e8s, nous avons ajout\u00e9 des liens hypertextes vers leurs politiques de confidentialit\u00e9 ci-dessous.<\/p><ul><li><a href=\"https:\/\/policies.google.com\/technologies\/ads\" target=\"_blank\" rel=\"noopener\">Google<\/a><\/li><\/ul><p>Politiques de confidentialit\u00e9 des partenaires publicitaires<\/p><p>Vous pouvez consulter cette liste pour trouver la politique de confidentialit\u00e9 de chacun des partenaires publicitaires de Qingshan Steel.<\/p><p>Les serveurs publicitaires ou r\u00e9seaux publicitaires tiers utilisent des technologies telles que les cookies, JavaScript ou les balises Web qui sont utilis\u00e9es dans leurs publicit\u00e9s et liens respectifs apparaissant sur Qingshan Steel, qui sont envoy\u00e9s directement au navigateur des utilisateurs. Ils re\u00e7oivent automatiquement votre adresse IP lorsque cela se produit. Ces technologies sont utilis\u00e9es pour mesurer l'efficacit\u00e9 de leurs campagnes publicitaires et\/ou pour personnaliser le contenu publicitaire que vous voyez sur les sites Web que vous visitez.<\/p><p>Veuillez noter que Qingshan Steel n'a aucun acc\u00e8s ni aucun contr\u00f4le sur ces cookies utilis\u00e9s par des annonceurs tiers.<\/p><p>Politiques de confidentialit\u00e9 des tiers<\/p><p>La politique de confidentialit\u00e9 de Qingshan Steel ne s'applique pas aux autres annonceurs ou sites web. Nous vous conseillons donc de consulter les politiques de confidentialit\u00e9 respectives de ces serveurs publicitaires tiers pour obtenir des informations plus d\u00e9taill\u00e9es. Elles peuvent inclure leurs pratiques et des instructions sur la mani\u00e8re de refuser certaines options.<\/p><p>Vous pouvez choisir de d\u00e9sactiver les cookies dans les options de votre navigateur. Pour obtenir des informations plus d\u00e9taill\u00e9es sur la gestion des cookies avec des navigateurs Web sp\u00e9cifiques, consultez les sites Web respectifs des navigateurs.<\/p><p>Droits \u00e0 la vie priv\u00e9e en vertu de la CCPA (Ne vendez pas mes informations personnelles)<\/p><p>En vertu de la CCPA, les consommateurs californiens ont, entre autres droits, le droit :<br \/>Demander \u00e0 une entreprise qui collecte les donn\u00e9es personnelles d'un consommateur de divulguer les cat\u00e9gories et les \u00e9l\u00e9ments sp\u00e9cifiques de donn\u00e9es personnelles qu'elle a collect\u00e9s \u00e0 son sujet.<br \/>Demander \u00e0 une entreprise de supprimer toutes les donn\u00e9es personnelles relatives au consommateur qu'elle a collect\u00e9es.<\/p><p>Demander \u00e0 une entreprise qui vend les donn\u00e9es personnelles d'un consommateur de ne pas vendre les donn\u00e9es personnelles de ce consommateur.<\/p><p>Si vous faites une demande, nous avons un mois pour vous r\u00e9pondre. Si vous souhaitez exercer l'un de ces droits, veuillez nous contacter.<\/p><p>Droits relatifs \u00e0 la protection des donn\u00e9es dans le cadre du RGPD<\/p><p>Nous souhaitons nous assurer que vous connaissez parfaitement tous vos droits en mati\u00e8re de protection des donn\u00e9es. Chaque utilisateur dispose des droits suivants :<\/p><p>Droit d'acc\u00e8s \u2013 Vous avez le droit de demander des copies de vos donn\u00e9es personnelles. Nous pouvons vous facturer des frais minimes pour ce service.<\/p><p>Droit de rectification \u2013 Vous avez le droit de demander que nous corrigions toute information que vous jugez inexacte. Vous avez \u00e9galement le droit de demander que nous compl\u00e9tions les informations que vous jugez incompl\u00e8tes.<\/p><p>Droit \u00e0 l'effacement \u2013 Vous avez le droit de demander l'effacement de vos donn\u00e9es personnelles, sous certaines conditions.<\/p><p>Droit \u00e0 la limitation du traitement \u2013 Vous avez le droit de demander que nous limitions le traitement de vos donn\u00e9es personnelles, sous certaines conditions.<\/p><p>Droit d'opposition au traitement \u2013 Vous avez le droit de vous opposer au traitement de vos donn\u00e9es personnelles, sous certaines conditions.<\/p><p>Droit \u00e0 la portabilit\u00e9 des donn\u00e9es \u2013 Vous avez le droit de demander que nous transf\u00e9rions les donn\u00e9es que nous avons collect\u00e9es \u00e0 une autre organisation, ou directement \u00e0 vous, sous certaines conditions.<br \/>Si vous faites une demande, nous avons un mois pour vous r\u00e9pondre. Si vous souhaitez exercer l'un de ces droits, veuillez nous contacter.<\/p><p>Informations sur les enfants<\/p><p>Une autre de nos priorit\u00e9s consiste \u00e0 renforcer la protection des enfants lorsqu'ils utilisent Internet. Nous encourageons les parents et les tuteurs \u00e0 observer, participer et\/ou surveiller et guider leurs activit\u00e9s en ligne.<\/p><p>Qingshan Steel ne collecte sciemment aucune information personnelle identifiable aupr\u00e8s d'enfants de moins de 13 ans. Si vous pensez que votre enfant a fourni ce type d'informations sur notre site web, nous vous encourageons vivement \u00e0 nous contacter imm\u00e9diatement et nous ferons tout notre possible pour supprimer rapidement ces informations de nos dossiers.<\/p><p>\u00a0<\/p>\t\t\t\t\t\t\t\t<\/div>\n\t\t\t\t\t<\/div>\n\t\t\t\t<\/div>\n\t\t\t\t<\/div>","protected":false},"excerpt":{"rendered":"<p>Privacy Policy Home At Qingshan Steel, accessible from qingshanmetals.com, one of our main priorities is the privacy of our visitors. This Privacy Policy document contains types of information that is collected and recorded by Qingshan Steel and how we use it. If you have additional questions or require more information about our Privacy Policy, do [&hellip;]<\/p>","protected":false},"author":1,"featured_media":0,"parent":0,"menu_order":0,"comment_status":"closed","ping_status":"closed","template":"elementor_header_footer","meta":{"_acf_changed":false,"footnotes":""},"class_list":["post-2177","page","type-page","status-publish","hentry"],"acf":[],"_links":{"self":[{"href":"https:\/\/qingshanmetals.com\/fr\/wp-json\/wp\/v2\/pages\/2177","targetHints":{"allow":["GET"]}}],"collection":[{"href":"https:\/\/qingshanmetals.com\/fr\/wp-json\/wp\/v2\/pages"}],"about":[{"href":"https:\/\/qingshanmetals.com\/fr\/wp-json\/wp\/v2\/types\/page"}],"author":[{"embeddable":true,"href":"https:\/\/qingshanmetals.com\/fr\/wp-json\/wp\/v2\/users\/1"}],"replies":[{"embeddable":true,"href":"https:\/\/qingshanmetals.com\/fr\/wp-json\/wp\/v2\/comments?post=2177"}],"version-history":[{"count":0,"href":"https:\/\/qingshanmetals.com\/fr\/wp-json\/wp\/v2\/pages\/2177\/revisions"}],"wp:attachment":[{"href":"https:\/\/qingshanmetals.com\/fr\/wp-json\/wp\/v2\/media?parent=2177"}],"curies":[{"name":"wp","href":"https:\/\/api.w.org\/{rel}","templated":true}]}}