{"id":2235,"date":"2025-12-04T16:13:24","date_gmt":"2025-12-04T08:13:24","guid":{"rendered":"https:\/\/qingshanmetals.com\/?page_id=2235"},"modified":"2025-12-04T16:45:03","modified_gmt":"2025-12-04T08:45:03","slug":"blog","status":"publish","type":"page","link":"https:\/\/qingshanmetals.com\/es\/blog\/","title":{"rendered":"Blog"},"content":{"rendered":"<div data-elementor-type=\"wp-page\" data-elementor-id=\"2235\" class=\"elementor elementor-2235\" data-elementor-post-type=\"page\">\n\t\t\t\t\t\t<section class=\"elementor-section elementor-top-section elementor-element elementor-element-37518c43 elementor-section-boxed elementor-section-height-default elementor-section-height-default\" data-id=\"37518c43\" data-element_type=\"section\" data-settings=\"{&quot;background_background&quot;:&quot;classic&quot;}\">\n\t\t\t\t\t\t\t<div class=\"elementor-background-overlay\"><\/div>\n\t\t\t\t\t\t\t<div class=\"elementor-container elementor-column-gap-default\">\n\t\t\t\t\t<div class=\"elementor-column elementor-col-100 elementor-top-column elementor-element elementor-element-18453e95\" data-id=\"18453e95\" data-element_type=\"column\">\n\t\t\t<div class=\"elementor-widget-wrap elementor-element-populated\">\n\t\t\t\t\t\t<div class=\"elementor-element elementor-element-1a8c8e4e elementor-invisible elementor-widget elementor-widget-heading\" data-id=\"1a8c8e4e\" data-element_type=\"widget\" data-settings=\"{&quot;_animation&quot;:&quot;fadeInDown&quot;}\" data-widget_type=\"heading.default\">\n\t\t\t\t\t<h2 class=\"elementor-heading-title elementor-size-default\">Blog<\/h2>\t\t\t\t<\/div>\n\t\t\t\t<div class=\"elementor-element elementor-element-7bfc1d60 elementor-icon-list--layout-inline elementor-align-center elementor-widget__width-auto elementor-list-item-link-full_width elementor-invisible elementor-widget elementor-widget-icon-list\" data-id=\"7bfc1d60\" data-element_type=\"widget\" data-settings=\"{&quot;_animation&quot;:&quot;fadeInDown&quot;,&quot;_animation_delay&quot;:720}\" data-widget_type=\"icon-list.default\">\n\t\t\t\t\t\t\t<ul class=\"elementor-icon-list-items elementor-inline-items\">\n\t\t\t\t\t\t\t<li class=\"elementor-icon-list-item elementor-inline-item\">\n\t\t\t\t\t\t\t\t\t\t\t<a href=\"#\">\n\n\t\t\t\t\t\t\t\t\t\t\t<span class=\"elementor-icon-list-text\">Inicio<\/span>\n\t\t\t\t\t\t\t\t\t\t\t<\/a>\n\t\t\t\t\t\t\t\t\t<\/li>\n\t\t\t\t\t\t\t\t<li class=\"elementor-icon-list-item elementor-inline-item\">\n\t\t\t\t\t\t\t\t\t\t\t<a href=\"#\">\n\n\t\t\t\t\t\t\t\t\t\t\t\t<span class=\"elementor-icon-list-icon\">\n\t\t\t\t\t\t\t<i aria-hidden=\"true\" class=\"mdi mdi-chevron-double-right\"><\/i>\t\t\t\t\t\t<\/span>\n\t\t\t\t\t\t\t\t\t\t<span class=\"elementor-icon-list-text\">Blog<\/span>\n\t\t\t\t\t\t\t\t\t\t\t<\/a>\n\t\t\t\t\t\t\t\t\t<\/li>\n\t\t\t\t\t\t<\/ul>\n\t\t\t\t\t\t<\/div>\n\t\t\t\t\t<\/div>\n\t\t<\/div>\n\t\t\t\t\t<\/div>\n\t\t<\/section>\n\t\t<div class=\"elementor-element elementor-element-7957de0 e-flex e-con-boxed e-con e-parent\" data-id=\"7957de0\" data-element_type=\"container\">\n\t\t\t\t\t<div class=\"e-con-inner\">\n\t\t\t\t<div class=\"elementor-element elementor-element-54f4fe9 elementor-grid-3 elementor-grid-tablet-2 elementor-grid-mobile-1 elementor-posts--thumbnail-top elementor-widget elementor-widget-posts\" data-id=\"54f4fe9\" data-element_type=\"widget\" data-settings=\"{&quot;pagination_type&quot;:&quot;numbers_and_prev_next&quot;,&quot;classic_columns&quot;:&quot;3&quot;,&quot;classic_columns_tablet&quot;:&quot;2&quot;,&quot;classic_columns_mobile&quot;:&quot;1&quot;,&quot;classic_row_gap&quot;:{&quot;unit&quot;:&quot;px&quot;,&quot;size&quot;:35,&quot;sizes&quot;:[]},&quot;classic_row_gap_tablet&quot;:{&quot;unit&quot;:&quot;px&quot;,&quot;size&quot;:&quot;&quot;,&quot;sizes&quot;:[]},&quot;classic_row_gap_mobile&quot;:{&quot;unit&quot;:&quot;px&quot;,&quot;size&quot;:&quot;&quot;,&quot;sizes&quot;:[]}}\" data-widget_type=\"posts.classic\">\n\t\t\t\t<div class=\"elementor-widget-container\">\n\t\t\t\t\t\t\t<div class=\"elementor-posts-container elementor-posts elementor-posts--skin-classic elementor-grid\" role=\"list\">\n\t\t\t\t<article class=\"elementor-post elementor-grid-item post-2345 post type-post status-publish format-standard has-post-thumbnail hentry category-blog tag-aluminum\" role=\"listitem\">\n\t\t\t\t<a class=\"elementor-post__thumbnail__link\" href=\"https:\/\/qingshanmetals.com\/es\/blog\/aluminum-price-trends-2026-factors-affecting-wholesale-costs\/\" tabindex=\"-1\">\n\t\t\t<div class=\"elementor-post__thumbnail\"><img fetchpriority=\"high\" decoding=\"async\" width=\"1408\" height=\"768\" src=\"https:\/\/qingshanmetals.com\/wp-content\/uploads\/2025\/12\/Aluminum-Price-Trends-2026-Factors-Affecting-Wholesale-Costs-cover-no-water-mark-1766991174.png\" class=\"attachment-full size-full wp-image-2367\" alt=\"\" srcset=\"https:\/\/qingshanmetals.com\/wp-content\/uploads\/2025\/12\/Aluminum-Price-Trends-2026-Factors-Affecting-Wholesale-Costs-cover-no-water-mark-1766991174.png 1408w, https:\/\/qingshanmetals.com\/wp-content\/uploads\/2025\/12\/Aluminum-Price-Trends-2026-Factors-Affecting-Wholesale-Costs-cover-no-water-mark-1766991174-300x164.png 300w, https:\/\/qingshanmetals.com\/wp-content\/uploads\/2025\/12\/Aluminum-Price-Trends-2026-Factors-Affecting-Wholesale-Costs-cover-no-water-mark-1766991174-1024x559.png 1024w, https:\/\/qingshanmetals.com\/wp-content\/uploads\/2025\/12\/Aluminum-Price-Trends-2026-Factors-Affecting-Wholesale-Costs-cover-no-water-mark-1766991174-768x419.png 768w, https:\/\/qingshanmetals.com\/wp-content\/uploads\/2025\/12\/Aluminum-Price-Trends-2026-Factors-Affecting-Wholesale-Costs-cover-no-water-mark-1766991174-18x10.png 18w\" sizes=\"(max-width: 1408px) 100vw, 1408px\" \/><\/div>\n\t\t<\/a>\n\t\t\t\t<div class=\"elementor-post__text\">\n\t\t\t\t<h3 class=\"elementor-post__title\">\n\t\t\t<a href=\"https:\/\/qingshanmetals.com\/es\/blog\/aluminum-price-trends-2026-factors-affecting-wholesale-costs\/\">\n\t\t\t\tTendencias del precio del aluminio en 2026: factores que afectan a los costes mayoristas\t\t\t<\/a>\n\t\t<\/h3>\n\t\t\t\t<div class=\"elementor-post__meta-data\">\n\t\t\t\t\t<span class=\"elementor-post-date\">\n\t\t\t26 de diciembre de 2025\t\t<\/span>\n\t\t\t\t<\/div>\n\t\t\t\t<div class=\"elementor-post__excerpt\">\n\t\t\t<p>Para los fabricantes y responsables de compras, el momento oportuno lo es todo. En el mercado mayorista de metales, una peque\u00f1a fluctuaci\u00f3n en el precio por tonelada puede significar la diferencia entre un trimestre rentable y un trimestre de<\/p>\n\t\t<\/div>\n\t\t\n\t\t<a class=\"elementor-post__read-more\" href=\"https:\/\/qingshanmetals.com\/es\/blog\/aluminum-price-trends-2026-factors-affecting-wholesale-costs\/\" aria-label=\"M\u00e1s informaci\u00f3n sobre Aluminum Price Trends 2026: Factors Affecting Wholesale Costs\" tabindex=\"-1\">\n\t\t\tLeer m\u00e1s \u00bb\t\t<\/a>\n\n\t\t\t\t<\/div>\n\t\t\t\t<\/article>\n\t\t\t\t<article class=\"elementor-post elementor-grid-item post-2253 post type-post status-publish format-standard has-post-thumbnail hentry category-blog\" role=\"listitem\">\n\t\t\t\t<a class=\"elementor-post__thumbnail__link\" href=\"https:\/\/qingshanmetals.com\/es\/blog\/seamless-vs-welded-choosing-the-best-carbon-steel-pipe-for-high-pressure-applications\/\" tabindex=\"-1\">\n\t\t\t<div class=\"elementor-post__thumbnail\"><img decoding=\"async\" width=\"1600\" height=\"894\" src=\"https:\/\/qingshanmetals.com\/wp-content\/uploads\/2025\/11\/blog-3_result-1764837793.webp\" class=\"attachment-full size-full wp-image-2259\" alt=\"\" srcset=\"https:\/\/qingshanmetals.com\/wp-content\/uploads\/2025\/11\/blog-3_result-1764837793.webp 1600w, https:\/\/qingshanmetals.com\/wp-content\/uploads\/2025\/11\/blog-3_result-1764837793-300x168.webp 300w, https:\/\/qingshanmetals.com\/wp-content\/uploads\/2025\/11\/blog-3_result-1764837793-1024x572.webp 1024w, https:\/\/qingshanmetals.com\/wp-content\/uploads\/2025\/11\/blog-3_result-1764837793-768x429.webp 768w, https:\/\/qingshanmetals.com\/wp-content\/uploads\/2025\/11\/blog-3_result-1764837793-1536x858.webp 1536w\" sizes=\"(max-width: 1600px) 100vw, 1600px\" \/><\/div>\n\t\t<\/a>\n\t\t\t\t<div class=\"elementor-post__text\">\n\t\t\t\t<h3 class=\"elementor-post__title\">\n\t\t\t<a href=\"https:\/\/qingshanmetals.com\/es\/blog\/seamless-vs-welded-choosing-the-best-carbon-steel-pipe-for-high-pressure-applications\/\">\n\t\t\t\tSin soldadura frente a soldado: c\u00f3mo elegir el mejor tubo de acero al carbono para aplicaciones de alta presi\u00f3n\t\t\t<\/a>\n\t\t<\/h3>\n\t\t\t\t<div class=\"elementor-post__meta-data\">\n\t\t\t\t\t<span class=\"elementor-post-date\">\n\t\t\t26 de noviembre de 2025\t\t<\/span>\n\t\t\t\t<\/div>\n\t\t\t\t<div class=\"elementor-post__excerpt\">\n\t\t\t<p>Sin soldadura frente a soldadas: elegir el mejor tubo de acero al carbono para aplicaciones de alta presi\u00f3n En sectores cr\u00edticos como el petr\u00f3leo y el gas, la generaci\u00f3n de energ\u00eda, el procesamiento qu\u00edmico y las infraestructuras, los tubos utilizados para transportar<\/p>\n\t\t<\/div>\n\t\t\n\t\t<a class=\"elementor-post__read-more\" href=\"https:\/\/qingshanmetals.com\/es\/blog\/seamless-vs-welded-choosing-the-best-carbon-steel-pipe-for-high-pressure-applications\/\" aria-label=\"M\u00e1s informaci\u00f3n sobre Seamless vs. Welded: Choosing the Best Carbon Steel Pipe for High-Pressure Applications\" tabindex=\"-1\">\n\t\t\tLeer m\u00e1s \u00bb\t\t<\/a>\n\n\t\t\t\t<\/div>\n\t\t\t\t<\/article>\n\t\t\t\t<article class=\"elementor-post elementor-grid-item post-2248 post type-post status-publish format-standard has-post-thumbnail hentry category-blog\" role=\"listitem\">\n\t\t\t\t<a class=\"elementor-post__thumbnail__link\" href=\"https:\/\/qingshanmetals.com\/es\/blog\/guide-to-selecting-the-right-stainless-steel-grade-for-high-corrosion-environments\/\" tabindex=\"-1\">\n\t\t\t<div class=\"elementor-post__thumbnail\"><img decoding=\"async\" width=\"1600\" height=\"894\" src=\"https:\/\/qingshanmetals.com\/wp-content\/uploads\/2025\/11\/blog-2_result-1764837599.webp\" class=\"attachment-full size-full wp-image-2255\" alt=\"\" srcset=\"https:\/\/qingshanmetals.com\/wp-content\/uploads\/2025\/11\/blog-2_result-1764837599.webp 1600w, https:\/\/qingshanmetals.com\/wp-content\/uploads\/2025\/11\/blog-2_result-1764837599-300x168.webp 300w, https:\/\/qingshanmetals.com\/wp-content\/uploads\/2025\/11\/blog-2_result-1764837599-1024x572.webp 1024w, https:\/\/qingshanmetals.com\/wp-content\/uploads\/2025\/11\/blog-2_result-1764837599-768x429.webp 768w, https:\/\/qingshanmetals.com\/wp-content\/uploads\/2025\/11\/blog-2_result-1764837599-1536x858.webp 1536w\" sizes=\"(max-width: 1600px) 100vw, 1600px\" \/><\/div>\n\t\t<\/a>\n\t\t\t\t<div class=\"elementor-post__text\">\n\t\t\t\t<h3 class=\"elementor-post__title\">\n\t\t\t<a href=\"https:\/\/qingshanmetals.com\/es\/blog\/guide-to-selecting-the-right-stainless-steel-grade-for-high-corrosion-environments\/\">\n\t\t\t\tGu\u00eda para seleccionar el grado de acero inoxidable adecuado para entornos altamente corrosivos\t\t\t<\/a>\n\t\t<\/h3>\n\t\t\t\t<div class=\"elementor-post__meta-data\">\n\t\t\t\t\t<span class=\"elementor-post-date\">\n\t\t\t14 de noviembre de 2025\t\t<\/span>\n\t\t\t\t<\/div>\n\t\t\t\t<div class=\"elementor-post__excerpt\">\n\t\t\t<p>Gu\u00eda para seleccionar el grado de acero inoxidable adecuado para entornos altamente corrosivos Elegir el material adecuado es la decisi\u00f3n m\u00e1s importante en cualquier proyecto industrial o de construcci\u00f3n. Cuando ese proyecto<\/p>\n\t\t<\/div>\n\t\t\n\t\t<a class=\"elementor-post__read-more\" href=\"https:\/\/qingshanmetals.com\/es\/blog\/guide-to-selecting-the-right-stainless-steel-grade-for-high-corrosion-environments\/\" aria-label=\"M\u00e1s informaci\u00f3n sobre Guide to Selecting the Right Stainless Steel Grade for High-Corrosion Environments\" tabindex=\"-1\">\n\t\t\tLeer m\u00e1s \u00bb\t\t<\/a>\n\n\t\t\t\t<\/div>\n\t\t\t\t<\/article>\n\t\t\t\t<article class=\"elementor-post elementor-grid-item post-2246 post type-post status-publish format-standard has-post-thumbnail hentry category-blog\" role=\"listitem\">\n\t\t\t\t<a class=\"elementor-post__thumbnail__link\" href=\"https:\/\/qingshanmetals.com\/es\/blog\/carbon-steel-coil-vs-plate-which-is-best-for-your-fabrication-project\/\" tabindex=\"-1\">\n\t\t\t<div class=\"elementor-post__thumbnail\"><img loading=\"lazy\" decoding=\"async\" width=\"1600\" height=\"894\" src=\"https:\/\/qingshanmetals.com\/wp-content\/uploads\/2025\/09\/blog-1_result-1764837365.webp\" class=\"attachment-full size-full wp-image-2250\" alt=\"\" srcset=\"https:\/\/qingshanmetals.com\/wp-content\/uploads\/2025\/09\/blog-1_result-1764837365.webp 1600w, https:\/\/qingshanmetals.com\/wp-content\/uploads\/2025\/09\/blog-1_result-1764837365-300x168.webp 300w, https:\/\/qingshanmetals.com\/wp-content\/uploads\/2025\/09\/blog-1_result-1764837365-1024x572.webp 1024w, https:\/\/qingshanmetals.com\/wp-content\/uploads\/2025\/09\/blog-1_result-1764837365-768x429.webp 768w, https:\/\/qingshanmetals.com\/wp-content\/uploads\/2025\/09\/blog-1_result-1764837365-1536x858.webp 1536w\" sizes=\"(max-width: 1600px) 100vw, 1600px\" \/><\/div>\n\t\t<\/a>\n\t\t\t\t<div class=\"elementor-post__text\">\n\t\t\t\t<h3 class=\"elementor-post__title\">\n\t\t\t<a href=\"https:\/\/qingshanmetals.com\/es\/blog\/carbon-steel-coil-vs-plate-which-is-best-for-your-fabrication-project\/\">\n\t\t\t\tBobina de acero al carbono frente a placa: \u00bfcu\u00e1l es la mejor opci\u00f3n para su proyecto de fabricaci\u00f3n?\t\t\t<\/a>\n\t\t<\/h3>\n\t\t\t\t<div class=\"elementor-post__meta-data\">\n\t\t\t\t\t<span class=\"elementor-post-date\">\n\t\t\t4 de septiembre de 2025\t\t<\/span>\n\t\t\t\t<\/div>\n\t\t\t\t<div class=\"elementor-post__excerpt\">\n\t\t\t<p>La base de cualquier proyecto exitoso de fabricaci\u00f3n de metales, ya sea que se trate de construir un rascacielos imponente, un barco complejo o una simple estructura cerrada, comienza con una decisi\u00f3n fundamental: elegir el formato adecuado de la materia prima.<\/p>\n\t\t<\/div>\n\t\t\n\t\t<a class=\"elementor-post__read-more\" href=\"https:\/\/qingshanmetals.com\/es\/blog\/carbon-steel-coil-vs-plate-which-is-best-for-your-fabrication-project\/\" aria-label=\"M\u00e1s informaci\u00f3n sobre Carbon Steel Coil vs. Plate: Which Is Best for Your Fabrication Project ?\" tabindex=\"-1\">\n\t\t\tLeer m\u00e1s \u00bb\t\t<\/a>\n\n\t\t\t\t<\/div>\n\t\t\t\t<\/article>\n\t\t\t\t<\/div>\n\t\t\n\t\t\t\t\t\t<\/div>\n\t\t\t\t<\/div>\n\t\t\t\t\t<\/div>\n\t\t\t\t<\/div>\n\t\t\t\t<\/div>","protected":false},"excerpt":{"rendered":"<p>Blog Home Blog<\/p>","protected":false},"author":1,"featured_media":0,"parent":0,"menu_order":0,"comment_status":"closed","ping_status":"closed","template":"elementor_header_footer","meta":{"_acf_changed":false,"footnotes":""},"class_list":["post-2235","page","type-page","status-publish","hentry"],"acf":[],"_links":{"self":[{"href":"https:\/\/qingshanmetals.com\/es\/wp-json\/wp\/v2\/pages\/2235","targetHints":{"allow":["GET"]}}],"collection":[{"href":"https:\/\/qingshanmetals.com\/es\/wp-json\/wp\/v2\/pages"}],"about":[{"href":"https:\/\/qingshanmetals.com\/es\/wp-json\/wp\/v2\/types\/page"}],"author":[{"embeddable":true,"href":"https:\/\/qingshanmetals.com\/es\/wp-json\/wp\/v2\/users\/1"}],"replies":[{"embeddable":true,"href":"https:\/\/qingshanmetals.com\/es\/wp-json\/wp\/v2\/comments?post=2235"}],"version-history":[{"count":0,"href":"https:\/\/qingshanmetals.com\/es\/wp-json\/wp\/v2\/pages\/2235\/revisions"}],"wp:attachment":[{"href":"https:\/\/qingshanmetals.com\/es\/wp-json\/wp\/v2\/media?parent=2235"}],"curies":[{"name":"wp","href":"https:\/\/api.w.org\/{rel}","templated":true}]}}