{"id":2235,"date":"2025-12-04T16:13:24","date_gmt":"2025-12-04T08:13:24","guid":{"rendered":"https:\/\/qingshanmetals.com\/?page_id=2235"},"modified":"2025-12-04T16:45:03","modified_gmt":"2025-12-04T08:45:03","slug":"blog","status":"publish","type":"page","link":"https:\/\/qingshanmetals.com\/de\/blog\/","title":{"rendered":"Blog"},"content":{"rendered":"<div data-elementor-type=\"wp-page\" data-elementor-id=\"2235\" class=\"elementor elementor-2235\" data-elementor-post-type=\"page\">\n\t\t\t\t\t\t<section class=\"elementor-section elementor-top-section elementor-element elementor-element-37518c43 elementor-section-boxed elementor-section-height-default elementor-section-height-default\" data-id=\"37518c43\" data-element_type=\"section\" data-settings=\"{&quot;background_background&quot;:&quot;classic&quot;}\">\n\t\t\t\t\t\t\t<div class=\"elementor-background-overlay\"><\/div>\n\t\t\t\t\t\t\t<div class=\"elementor-container elementor-column-gap-default\">\n\t\t\t\t\t<div class=\"elementor-column elementor-col-100 elementor-top-column elementor-element elementor-element-18453e95\" data-id=\"18453e95\" data-element_type=\"column\">\n\t\t\t<div class=\"elementor-widget-wrap elementor-element-populated\">\n\t\t\t\t\t\t<div class=\"elementor-element elementor-element-1a8c8e4e elementor-invisible elementor-widget elementor-widget-heading\" data-id=\"1a8c8e4e\" data-element_type=\"widget\" data-settings=\"{&quot;_animation&quot;:&quot;fadeInDown&quot;}\" data-widget_type=\"heading.default\">\n\t\t\t\t\t<h2 class=\"elementor-heading-title elementor-size-default\">Blog<\/h2>\t\t\t\t<\/div>\n\t\t\t\t<div class=\"elementor-element elementor-element-7bfc1d60 elementor-icon-list--layout-inline elementor-align-center elementor-widget__width-auto elementor-list-item-link-full_width elementor-invisible elementor-widget elementor-widget-icon-list\" data-id=\"7bfc1d60\" data-element_type=\"widget\" data-settings=\"{&quot;_animation&quot;:&quot;fadeInDown&quot;,&quot;_animation_delay&quot;:720}\" data-widget_type=\"icon-list.default\">\n\t\t\t\t\t\t\t<ul class=\"elementor-icon-list-items elementor-inline-items\">\n\t\t\t\t\t\t\t<li class=\"elementor-icon-list-item elementor-inline-item\">\n\t\t\t\t\t\t\t\t\t\t\t<a href=\"#\">\n\n\t\t\t\t\t\t\t\t\t\t\t<span class=\"elementor-icon-list-text\">Startseite<\/span>\n\t\t\t\t\t\t\t\t\t\t\t<\/a>\n\t\t\t\t\t\t\t\t\t<\/li>\n\t\t\t\t\t\t\t\t<li class=\"elementor-icon-list-item elementor-inline-item\">\n\t\t\t\t\t\t\t\t\t\t\t<a href=\"#\">\n\n\t\t\t\t\t\t\t\t\t\t\t\t<span class=\"elementor-icon-list-icon\">\n\t\t\t\t\t\t\t<i aria-hidden=\"true\" class=\"mdi mdi-chevron-double-right\"><\/i>\t\t\t\t\t\t<\/span>\n\t\t\t\t\t\t\t\t\t\t<span class=\"elementor-icon-list-text\">Blog<\/span>\n\t\t\t\t\t\t\t\t\t\t\t<\/a>\n\t\t\t\t\t\t\t\t\t<\/li>\n\t\t\t\t\t\t<\/ul>\n\t\t\t\t\t\t<\/div>\n\t\t\t\t\t<\/div>\n\t\t<\/div>\n\t\t\t\t\t<\/div>\n\t\t<\/section>\n\t\t<div class=\"elementor-element elementor-element-7957de0 e-flex e-con-boxed e-con e-parent\" data-id=\"7957de0\" data-element_type=\"container\">\n\t\t\t\t\t<div class=\"e-con-inner\">\n\t\t\t\t<div class=\"elementor-element elementor-element-54f4fe9 elementor-grid-3 elementor-grid-tablet-2 elementor-grid-mobile-1 elementor-posts--thumbnail-top elementor-widget elementor-widget-posts\" data-id=\"54f4fe9\" data-element_type=\"widget\" data-settings=\"{&quot;pagination_type&quot;:&quot;numbers_and_prev_next&quot;,&quot;classic_columns&quot;:&quot;3&quot;,&quot;classic_columns_tablet&quot;:&quot;2&quot;,&quot;classic_columns_mobile&quot;:&quot;1&quot;,&quot;classic_row_gap&quot;:{&quot;unit&quot;:&quot;px&quot;,&quot;size&quot;:35,&quot;sizes&quot;:[]},&quot;classic_row_gap_tablet&quot;:{&quot;unit&quot;:&quot;px&quot;,&quot;size&quot;:&quot;&quot;,&quot;sizes&quot;:[]},&quot;classic_row_gap_mobile&quot;:{&quot;unit&quot;:&quot;px&quot;,&quot;size&quot;:&quot;&quot;,&quot;sizes&quot;:[]}}\" data-widget_type=\"posts.classic\">\n\t\t\t\t<div class=\"elementor-widget-container\">\n\t\t\t\t\t\t\t<div class=\"elementor-posts-container elementor-posts elementor-posts--skin-classic elementor-grid\" role=\"list\">\n\t\t\t\t<article class=\"elementor-post elementor-grid-item post-2345 post type-post status-publish format-standard has-post-thumbnail hentry category-blog tag-aluminum\" role=\"listitem\">\n\t\t\t\t<a class=\"elementor-post__thumbnail__link\" href=\"https:\/\/qingshanmetals.com\/de\/blog\/aluminum-price-trends-2026-factors-affecting-wholesale-costs\/\" tabindex=\"-1\">\n\t\t\t<div class=\"elementor-post__thumbnail\"><img fetchpriority=\"high\" decoding=\"async\" width=\"1408\" height=\"768\" src=\"https:\/\/qingshanmetals.com\/wp-content\/uploads\/2025\/12\/Aluminum-Price-Trends-2026-Factors-Affecting-Wholesale-Costs-cover-no-water-mark-1766991174.png\" class=\"attachment-full size-full wp-image-2367\" alt=\"\" srcset=\"https:\/\/qingshanmetals.com\/wp-content\/uploads\/2025\/12\/Aluminum-Price-Trends-2026-Factors-Affecting-Wholesale-Costs-cover-no-water-mark-1766991174.png 1408w, https:\/\/qingshanmetals.com\/wp-content\/uploads\/2025\/12\/Aluminum-Price-Trends-2026-Factors-Affecting-Wholesale-Costs-cover-no-water-mark-1766991174-300x164.png 300w, https:\/\/qingshanmetals.com\/wp-content\/uploads\/2025\/12\/Aluminum-Price-Trends-2026-Factors-Affecting-Wholesale-Costs-cover-no-water-mark-1766991174-1024x559.png 1024w, https:\/\/qingshanmetals.com\/wp-content\/uploads\/2025\/12\/Aluminum-Price-Trends-2026-Factors-Affecting-Wholesale-Costs-cover-no-water-mark-1766991174-768x419.png 768w, https:\/\/qingshanmetals.com\/wp-content\/uploads\/2025\/12\/Aluminum-Price-Trends-2026-Factors-Affecting-Wholesale-Costs-cover-no-water-mark-1766991174-18x10.png 18w\" sizes=\"(max-width: 1408px) 100vw, 1408px\" \/><\/div>\n\t\t<\/a>\n\t\t\t\t<div class=\"elementor-post__text\">\n\t\t\t\t<h3 class=\"elementor-post__title\">\n\t\t\t<a href=\"https:\/\/qingshanmetals.com\/de\/blog\/aluminum-price-trends-2026-factors-affecting-wholesale-costs\/\">\n\t\t\t\tAluminiumpreisentwicklung 2026: Faktoren, die die Gro\u00dfhandelskosten beeinflussen\t\t\t<\/a>\n\t\t<\/h3>\n\t\t\t\t<div class=\"elementor-post__meta-data\">\n\t\t\t\t\t<span class=\"elementor-post-date\">\n\t\t\t26. Dezember 2025\t\t<\/span>\n\t\t\t\t<\/div>\n\t\t\t\t<div class=\"elementor-post__excerpt\">\n\t\t\t<p>F\u00fcr Hersteller und Beschaffungsmanager ist das Timing alles. Auf dem Metallgro\u00dfhandelsmarkt kann eine kleine Schwankung des Tonnenpreises den Unterschied zwischen einem profitablen Quartal und einem<\/p>\n\t\t<\/div>\n\t\t\n\t\t<a class=\"elementor-post__read-more\" href=\"https:\/\/qingshanmetals.com\/de\/blog\/aluminum-price-trends-2026-factors-affecting-wholesale-costs\/\" aria-label=\"Read more about Aluminum Price Trends 2026: Factors Affecting Wholesale Costs\" tabindex=\"-1\">\n\t\t\tWeiterlesen \u00bb\t\t<\/a>\n\n\t\t\t\t<\/div>\n\t\t\t\t<\/article>\n\t\t\t\t<article class=\"elementor-post elementor-grid-item post-2253 post type-post status-publish format-standard has-post-thumbnail hentry category-blog\" role=\"listitem\">\n\t\t\t\t<a class=\"elementor-post__thumbnail__link\" href=\"https:\/\/qingshanmetals.com\/de\/blog\/seamless-vs-welded-choosing-the-best-carbon-steel-pipe-for-high-pressure-applications\/\" tabindex=\"-1\">\n\t\t\t<div class=\"elementor-post__thumbnail\"><img decoding=\"async\" width=\"1600\" height=\"894\" src=\"https:\/\/qingshanmetals.com\/wp-content\/uploads\/2025\/11\/blog-3_result-1764837793.webp\" class=\"attachment-full size-full wp-image-2259\" alt=\"\" srcset=\"https:\/\/qingshanmetals.com\/wp-content\/uploads\/2025\/11\/blog-3_result-1764837793.webp 1600w, https:\/\/qingshanmetals.com\/wp-content\/uploads\/2025\/11\/blog-3_result-1764837793-300x168.webp 300w, https:\/\/qingshanmetals.com\/wp-content\/uploads\/2025\/11\/blog-3_result-1764837793-1024x572.webp 1024w, https:\/\/qingshanmetals.com\/wp-content\/uploads\/2025\/11\/blog-3_result-1764837793-768x429.webp 768w, https:\/\/qingshanmetals.com\/wp-content\/uploads\/2025\/11\/blog-3_result-1764837793-1536x858.webp 1536w\" sizes=\"(max-width: 1600px) 100vw, 1600px\" \/><\/div>\n\t\t<\/a>\n\t\t\t\t<div class=\"elementor-post__text\">\n\t\t\t\t<h3 class=\"elementor-post__title\">\n\t\t\t<a href=\"https:\/\/qingshanmetals.com\/de\/blog\/seamless-vs-welded-choosing-the-best-carbon-steel-pipe-for-high-pressure-applications\/\">\n\t\t\t\tNahtlos oder geschwei\u00dft: Auswahl der besten Kohlenstoffstahlrohre f\u00fcr Hochdruckanwendungen\t\t\t<\/a>\n\t\t<\/h3>\n\t\t\t\t<div class=\"elementor-post__meta-data\">\n\t\t\t\t\t<span class=\"elementor-post-date\">\n\t\t\t26. November 2025\t\t<\/span>\n\t\t\t\t<\/div>\n\t\t\t\t<div class=\"elementor-post__excerpt\">\n\t\t\t<p>Nahtlos vs. geschwei\u00dft: Auswahl der besten Kohlenstoffstahlrohre f\u00fcr Hochdruckanwendungen In kritischen Branchen wie \u00d6l und Gas, Stromerzeugung, chemische Verarbeitung und Infrastruktur werden die zum Transport verwendeten Rohre<\/p>\n\t\t<\/div>\n\t\t\n\t\t<a class=\"elementor-post__read-more\" href=\"https:\/\/qingshanmetals.com\/de\/blog\/seamless-vs-welded-choosing-the-best-carbon-steel-pipe-for-high-pressure-applications\/\" aria-label=\"Read more about Seamless vs. Welded: Choosing the Best Carbon Steel Pipe for High-Pressure Applications\" tabindex=\"-1\">\n\t\t\tWeiterlesen \u00bb\t\t<\/a>\n\n\t\t\t\t<\/div>\n\t\t\t\t<\/article>\n\t\t\t\t<article class=\"elementor-post elementor-grid-item post-2248 post type-post status-publish format-standard has-post-thumbnail hentry category-blog\" role=\"listitem\">\n\t\t\t\t<a class=\"elementor-post__thumbnail__link\" href=\"https:\/\/qingshanmetals.com\/de\/blog\/guide-to-selecting-the-right-stainless-steel-grade-for-high-corrosion-environments\/\" tabindex=\"-1\">\n\t\t\t<div class=\"elementor-post__thumbnail\"><img decoding=\"async\" width=\"1600\" height=\"894\" src=\"https:\/\/qingshanmetals.com\/wp-content\/uploads\/2025\/11\/blog-2_result-1764837599.webp\" class=\"attachment-full size-full wp-image-2255\" alt=\"\" srcset=\"https:\/\/qingshanmetals.com\/wp-content\/uploads\/2025\/11\/blog-2_result-1764837599.webp 1600w, https:\/\/qingshanmetals.com\/wp-content\/uploads\/2025\/11\/blog-2_result-1764837599-300x168.webp 300w, https:\/\/qingshanmetals.com\/wp-content\/uploads\/2025\/11\/blog-2_result-1764837599-1024x572.webp 1024w, https:\/\/qingshanmetals.com\/wp-content\/uploads\/2025\/11\/blog-2_result-1764837599-768x429.webp 768w, https:\/\/qingshanmetals.com\/wp-content\/uploads\/2025\/11\/blog-2_result-1764837599-1536x858.webp 1536w\" sizes=\"(max-width: 1600px) 100vw, 1600px\" \/><\/div>\n\t\t<\/a>\n\t\t\t\t<div class=\"elementor-post__text\">\n\t\t\t\t<h3 class=\"elementor-post__title\">\n\t\t\t<a href=\"https:\/\/qingshanmetals.com\/de\/blog\/guide-to-selecting-the-right-stainless-steel-grade-for-high-corrosion-environments\/\">\n\t\t\t\tLeitfaden zur Auswahl der richtigen Edelstahlsorte f\u00fcr Umgebungen mit hoher Korrosionsbelastung\t\t\t<\/a>\n\t\t<\/h3>\n\t\t\t\t<div class=\"elementor-post__meta-data\">\n\t\t\t\t\t<span class=\"elementor-post-date\">\n\t\t\t14. November 2025\t\t<\/span>\n\t\t\t\t<\/div>\n\t\t\t\t<div class=\"elementor-post__excerpt\">\n\t\t\t<p>Leitfaden zur Auswahl der richtigen Edelstahlsorte f\u00fcr stark korrosive Umgebungen Die Wahl des richtigen Materials ist die wichtigste Entscheidung bei jedem Industrie- oder Bauprojekt. Wenn dieses Projekt<\/p>\n\t\t<\/div>\n\t\t\n\t\t<a class=\"elementor-post__read-more\" href=\"https:\/\/qingshanmetals.com\/de\/blog\/guide-to-selecting-the-right-stainless-steel-grade-for-high-corrosion-environments\/\" aria-label=\"Read more about Guide to Selecting the Right Stainless Steel Grade for High-Corrosion Environments\" tabindex=\"-1\">\n\t\t\tWeiterlesen \u00bb\t\t<\/a>\n\n\t\t\t\t<\/div>\n\t\t\t\t<\/article>\n\t\t\t\t<article class=\"elementor-post elementor-grid-item post-2246 post type-post status-publish format-standard has-post-thumbnail hentry category-blog\" role=\"listitem\">\n\t\t\t\t<a class=\"elementor-post__thumbnail__link\" href=\"https:\/\/qingshanmetals.com\/de\/blog\/carbon-steel-coil-vs-plate-which-is-best-for-your-fabrication-project\/\" tabindex=\"-1\">\n\t\t\t<div class=\"elementor-post__thumbnail\"><img loading=\"lazy\" decoding=\"async\" width=\"1600\" height=\"894\" src=\"https:\/\/qingshanmetals.com\/wp-content\/uploads\/2025\/09\/blog-1_result-1764837365.webp\" class=\"attachment-full size-full wp-image-2250\" alt=\"\" srcset=\"https:\/\/qingshanmetals.com\/wp-content\/uploads\/2025\/09\/blog-1_result-1764837365.webp 1600w, https:\/\/qingshanmetals.com\/wp-content\/uploads\/2025\/09\/blog-1_result-1764837365-300x168.webp 300w, https:\/\/qingshanmetals.com\/wp-content\/uploads\/2025\/09\/blog-1_result-1764837365-1024x572.webp 1024w, https:\/\/qingshanmetals.com\/wp-content\/uploads\/2025\/09\/blog-1_result-1764837365-768x429.webp 768w, https:\/\/qingshanmetals.com\/wp-content\/uploads\/2025\/09\/blog-1_result-1764837365-1536x858.webp 1536w\" sizes=\"(max-width: 1600px) 100vw, 1600px\" \/><\/div>\n\t\t<\/a>\n\t\t\t\t<div class=\"elementor-post__text\">\n\t\t\t\t<h3 class=\"elementor-post__title\">\n\t\t\t<a href=\"https:\/\/qingshanmetals.com\/de\/blog\/carbon-steel-coil-vs-plate-which-is-best-for-your-fabrication-project\/\">\n\t\t\t\tKohlenstoffstahlcoil oder -blech: Was eignet sich am besten f\u00fcr Ihr Fertigungsprojekt?\t\t\t<\/a>\n\t\t<\/h3>\n\t\t\t\t<div class=\"elementor-post__meta-data\">\n\t\t\t\t\t<span class=\"elementor-post-date\">\n\t\t\t4. September 2025\t\t<\/span>\n\t\t\t\t<\/div>\n\t\t\t\t<div class=\"elementor-post__excerpt\">\n\t\t\t<p>Die Grundlage jedes erfolgreichen Metallbauprojekts \u2013 egal, ob Sie einen hoch aufragenden Wolkenkratzer, ein komplexes Schiff oder eine einfache Einfriedung bauen \u2013 beginnt mit einer entscheidenden Entscheidung: der Wahl des richtigen Rohstoffformats.<\/p>\n\t\t<\/div>\n\t\t\n\t\t<a class=\"elementor-post__read-more\" href=\"https:\/\/qingshanmetals.com\/de\/blog\/carbon-steel-coil-vs-plate-which-is-best-for-your-fabrication-project\/\" aria-label=\"Read more about Carbon Steel Coil vs. Plate: Which Is Best for Your Fabrication Project ?\" tabindex=\"-1\">\n\t\t\tWeiterlesen \u00bb\t\t<\/a>\n\n\t\t\t\t<\/div>\n\t\t\t\t<\/article>\n\t\t\t\t<\/div>\n\t\t\n\t\t\t\t\t\t<\/div>\n\t\t\t\t<\/div>\n\t\t\t\t\t<\/div>\n\t\t\t\t<\/div>\n\t\t\t\t<\/div>","protected":false},"excerpt":{"rendered":"<p>Blog Home Blog<\/p>","protected":false},"author":1,"featured_media":0,"parent":0,"menu_order":0,"comment_status":"closed","ping_status":"closed","template":"elementor_header_footer","meta":{"_acf_changed":false,"footnotes":""},"class_list":["post-2235","page","type-page","status-publish","hentry"],"acf":[],"_links":{"self":[{"href":"https:\/\/qingshanmetals.com\/de\/wp-json\/wp\/v2\/pages\/2235","targetHints":{"allow":["GET"]}}],"collection":[{"href":"https:\/\/qingshanmetals.com\/de\/wp-json\/wp\/v2\/pages"}],"about":[{"href":"https:\/\/qingshanmetals.com\/de\/wp-json\/wp\/v2\/types\/page"}],"author":[{"embeddable":true,"href":"https:\/\/qingshanmetals.com\/de\/wp-json\/wp\/v2\/users\/1"}],"replies":[{"embeddable":true,"href":"https:\/\/qingshanmetals.com\/de\/wp-json\/wp\/v2\/comments?post=2235"}],"version-history":[{"count":0,"href":"https:\/\/qingshanmetals.com\/de\/wp-json\/wp\/v2\/pages\/2235\/revisions"}],"wp:attachment":[{"href":"https:\/\/qingshanmetals.com\/de\/wp-json\/wp\/v2\/media?parent=2235"}],"curies":[{"name":"wp","href":"https:\/\/api.w.org\/{rel}","templated":true}]}}