{"id":2177,"date":"2025-12-01T16:26:28","date_gmt":"2025-12-01T08:26:28","guid":{"rendered":"https:\/\/qingshanmetals.com\/?page_id=2177"},"modified":"2025-12-01T16:28:57","modified_gmt":"2025-12-01T08:28:57","slug":"privacy-policy","status":"publish","type":"page","link":"https:\/\/qingshanmetals.com\/de\/privacy-policy\/","title":{"rendered":"Datenschutzerkl\u00e4rung"},"content":{"rendered":"<div data-elementor-type=\"wp-page\" data-elementor-id=\"2177\" class=\"elementor elementor-2177\" data-elementor-post-type=\"page\">\n\t\t\t\t\t\t<section class=\"elementor-section elementor-top-section elementor-element elementor-element-3fa35e3 elementor-section-boxed elementor-section-height-default elementor-section-height-default\" data-id=\"3fa35e3\" data-element_type=\"section\" data-settings=\"{&quot;background_background&quot;:&quot;classic&quot;}\">\n\t\t\t\t\t\t\t<div class=\"elementor-background-overlay\"><\/div>\n\t\t\t\t\t\t\t<div class=\"elementor-container elementor-column-gap-default\">\n\t\t\t\t\t<div class=\"elementor-column elementor-col-100 elementor-top-column elementor-element elementor-element-40ca299\" data-id=\"40ca299\" data-element_type=\"column\">\n\t\t\t<div class=\"elementor-widget-wrap elementor-element-populated\">\n\t\t\t\t\t\t<div class=\"elementor-element elementor-element-b18d859 elementor-invisible elementor-widget elementor-widget-heading\" data-id=\"b18d859\" data-element_type=\"widget\" data-settings=\"{&quot;_animation&quot;:&quot;fadeInDown&quot;}\" data-widget_type=\"heading.default\">\n\t\t\t\t\t<h2 class=\"elementor-heading-title elementor-size-default\">Datenschutzerkl\u00e4rung<\/h2>\t\t\t\t<\/div>\n\t\t\t\t<div class=\"elementor-element elementor-element-6d08913 elementor-icon-list--layout-inline elementor-align-center elementor-widget__width-auto elementor-list-item-link-full_width elementor-invisible elementor-widget elementor-widget-icon-list\" data-id=\"6d08913\" data-element_type=\"widget\" data-settings=\"{&quot;_animation&quot;:&quot;fadeInDown&quot;,&quot;_animation_delay&quot;:720}\" data-widget_type=\"icon-list.default\">\n\t\t\t\t\t\t\t<ul class=\"elementor-icon-list-items elementor-inline-items\">\n\t\t\t\t\t\t\t<li class=\"elementor-icon-list-item elementor-inline-item\">\n\t\t\t\t\t\t\t\t\t\t\t<a href=\"https:\/\/qingshanmetals.com\/de\">\n\n\t\t\t\t\t\t\t\t\t\t\t<span class=\"elementor-icon-list-text\">Startseite<\/span>\n\t\t\t\t\t\t\t\t\t\t\t<\/a>\n\t\t\t\t\t\t\t\t\t<\/li>\n\t\t\t\t\t\t\t\t<li class=\"elementor-icon-list-item elementor-inline-item\">\n\t\t\t\t\t\t\t\t\t\t\t<a href=\"#\">\n\n\t\t\t\t\t\t\t\t\t\t\t\t<span class=\"elementor-icon-list-icon\">\n\t\t\t\t\t\t\t<i aria-hidden=\"true\" class=\"mdi mdi-chevron-double-right\"><\/i>\t\t\t\t\t\t<\/span>\n\t\t\t\t\t\t\t\t\t\t<span class=\"elementor-icon-list-text\"><\/span>\n\t\t\t\t\t\t\t\t\t\t\t<\/a>\n\t\t\t\t\t\t\t\t\t<\/li>\n\t\t\t\t\t\t<\/ul>\n\t\t\t\t\t\t<\/div>\n\t\t\t\t\t<\/div>\n\t\t<\/div>\n\t\t\t\t\t<\/div>\n\t\t<\/section>\n\t\t<div class=\"elementor-element elementor-element-a6d5054 e-flex e-con-boxed e-con e-parent\" data-id=\"a6d5054\" data-element_type=\"container\">\n\t\t\t\t\t<div class=\"e-con-inner\">\n\t\t\t\t<div class=\"elementor-element elementor-element-9c13555 elementor-widget elementor-widget-text-editor\" data-id=\"9c13555\" data-element_type=\"widget\" data-widget_type=\"text-editor.default\">\n\t\t\t\t\t\t\t\t\t<p>Bei Qingshan Steel, erreichbar unter qingshanmetals.com, ist die Privatsph\u00e4re unserer Besucher eines unserer wichtigsten Anliegen. Diese Datenschutzerkl\u00e4rung enth\u00e4lt Informationen dar\u00fcber, welche Arten von Daten von Qingshan Steel erfasst und gespeichert werden und wie wir diese verwenden.<\/p><p>Wenn Sie weitere Fragen haben oder zus\u00e4tzliche Informationen zu unserer Datenschutzerkl\u00e4rung ben\u00f6tigen, z\u00f6gern Sie bitte nicht, uns zu kontaktieren.<\/p><p>Diese Datenschutzerkl\u00e4rung gilt nur f\u00fcr unsere Online-Aktivit\u00e4ten und gilt f\u00fcr Besucher unserer Website in Bezug auf die Informationen, die sie in Qingshan Steel geteilt und\/oder gesammelt haben. Diese Richtlinie gilt nicht f\u00fcr Informationen, die offline oder \u00fcber andere Kan\u00e4le als diese Website gesammelt werden. Unsere Datenschutzerkl\u00e4rung wurde mit Hilfe des kostenlosen Datenschutzerkl\u00e4rung-Generators erstellt.<\/p><p>Einwilligung<\/p><p>Durch die Nutzung unserer Website erkl\u00e4ren Sie sich mit unserer Datenschutzerkl\u00e4rung einverstanden und stimmen deren Bedingungen zu.<\/p><p>Informationen, die wir sammeln<\/p><p>Die personenbezogenen Daten, um deren Angabe Sie gebeten werden, sowie die Gr\u00fcnde daf\u00fcr werden Ihnen zu dem Zeitpunkt, zu dem wir Sie um die Angabe Ihrer personenbezogenen Daten bitten, klar mitgeteilt.<\/p><p>Wenn Sie sich direkt an uns wenden, erhalten wir m\u00f6glicherweise zus\u00e4tzliche Informationen \u00fcber Sie, wie beispielsweise Ihren Namen, Ihre E-Mail-Adresse, Ihre Telefonnummer, den Inhalt der Nachricht und\/oder Anh\u00e4nge, die Sie uns senden, sowie alle anderen Informationen, die Sie uns freiwillig zur Verf\u00fcgung stellen.<\/p><p>Wenn Sie sich f\u00fcr ein Konto registrieren, fragen wir Sie m\u00f6glicherweise nach Ihren Kontaktdaten, darunter Name, Firmenname, Adresse, E-Mail-Adresse und Telefonnummer.<\/p><p>Wie wir Ihre Daten verwenden<\/p><p>Wir verwenden die von uns gesammelten Informationen auf verschiedene Weise, unter anderem f\u00fcr folgende Zwecke:<br \/>\u2022 Bereitstellung, Betrieb und Wartung unserer Website<br \/>\u2022 Unsere Website verbessern, personalisieren und erweitern<br \/>\u2022 Verstehen und analysieren Sie, wie Sie unsere Website nutzen.<br \/>\u2022 Entwicklung neuer Produkte, Dienstleistungen, Features und Funktionen<br \/>\u2022 Um mit Ihnen zu kommunizieren, entweder direkt oder \u00fcber einen unserer Partner, einschlie\u00dflich f\u00fcr den Kundenservice, um Ihnen Aktualisierungen und andere Informationen in Bezug auf die Website zur Verf\u00fcgung zu stellen, sowie f\u00fcr Marketing- und Werbezwecke.<br \/>\u2022 Ihnen E-Mails senden<br \/>\u2022 Betrug aufdecken und verhindern<\/p><p>Logdateien<\/p><p>Qingshan Steel folgt einem Standardverfahren zur Verwendung von Protokolldateien. Diese Dateien protokollieren Besucher, wenn sie Websites besuchen. Alle Hosting-Unternehmen tun dies und es ist Teil der Analyse von Hosting-Diensten. Die von Protokolldateien gesammelten Informationen umfassen Internetprotokolladressen (IP-Adressen), Browsertyp, Internetdienstanbieter (ISP), Datums- und Zeitstempel, Verweis-\/Ausstiegsseiten und m\u00f6glicherweise die Anzahl der Klicks. Diese sind nicht mit personenbezogenen Daten verkn\u00fcpft. Der Zweck dieser Informationen besteht darin, Trends zu analysieren, die Website zu verwalten, die Bewegungen der Benutzer auf der Website zu verfolgen und demografische Informationen zu sammeln.<\/p><p>Cookies und Web Beacons<\/p><p>Wie jede andere Website verwendet auch Qingshan Steel \u2018Cookies\u2019. Diese Cookies dienen dazu, Informationen zu speichern, darunter die Pr\u00e4ferenzen der Besucher und die Seiten der Website, auf die der Besucher zugegriffen oder die er besucht hat. Die Informationen werden verwendet, um die Benutzererfahrung zu optimieren, indem wir den Inhalt unserer Webseite auf der Grundlage des Browsertyps der Besucher und\/oder anderer Informationen anpassen.<\/p><p>Weitere allgemeine Informationen zu Cookies finden Sie im Artikel \u201eCookies\u201c auf der Website \u201eGenerate Privacy Policy\u201c.<\/p><p>Unsere Werbepartner<\/p><p>Einige Werbetreibende auf unserer Website verwenden m\u00f6glicherweise Cookies und Web Beacons. Unsere Werbepartner sind unten aufgef\u00fchrt. Jeder unserer Werbepartner hat seine eigenen Datenschutzrichtlinien f\u00fcr den Umgang mit Nutzerdaten. Um Ihnen den Zugriff zu erleichtern, haben wir unten Hyperlinks zu den Datenschutzrichtlinien unserer Werbepartner eingef\u00fcgt.<\/p><ul><li><a href=\"https:\/\/policies.google.com\/technologies\/ads\" target=\"_blank\" rel=\"noopener\">Google<\/a><\/li><\/ul><p>Datenschutzrichtlinien unserer Werbepartner<\/p><p>In dieser Liste finden Sie die Datenschutzrichtlinien aller Werbepartner von Qingshan Steel.<\/p><p>Drittanbieter-Ad-Server oder Ad-Netzwerke verwenden Technologien wie Cookies, JavaScript oder Web Beacons, die in ihren jeweiligen Anzeigen und Links verwendet werden, die auf Qingshan Steel erscheinen und direkt an den Browser der Nutzer gesendet werden. Dabei erhalten sie automatisch Ihre IP-Adresse. Diese Technologien werden verwendet, um die Wirksamkeit ihrer Werbekampagnen zu messen und\/oder die Werbeinhalte, die Sie auf den von Ihnen besuchten Websites sehen, zu personalisieren.<\/p><p>Bitte beachten Sie, dass Qingshan Steel keinen Zugriff auf diese Cookies hat, die von Drittanbietern verwendet werden, und diese auch nicht kontrollieren kann.<\/p><p>Datenschutzrichtlinien von Dritten<\/p><p>Die Datenschutzerkl\u00e4rung von Qingshan Steel gilt nicht f\u00fcr andere Werbetreibende oder Websites. Wir empfehlen Ihnen daher, die jeweiligen Datenschutzerkl\u00e4rungen dieser Drittanbieter-Ad-Server zu konsultieren, um detailliertere Informationen zu erhalten. Diese k\u00f6nnen ihre Praktiken und Anweisungen zum Deaktivieren bestimmter Optionen enthalten.<\/p><p>Sie k\u00f6nnen Cookies \u00fcber Ihre individuellen Browser-Optionen deaktivieren. Ausf\u00fchrlichere Informationen zur Verwaltung von Cookies in bestimmten Webbrowsern finden Sie auf den jeweiligen Websites der Browser.<\/p><p>CCPA-Datenschutzrechte (Meine personenbezogenen Daten nicht verkaufen)<\/p><p>Gem\u00e4\u00df dem CCPA haben kalifornische Verbraucher unter anderem folgende Rechte:<br \/>Verlangen Sie von einem Unternehmen, das personenbezogene Daten von Verbrauchern erhebt, die Kategorien und konkreten personenbezogenen Daten offenzulegen, die das Unternehmen \u00fcber Verbraucher erhoben hat.<br \/>Beantragen Sie, dass ein Unternehmen alle personenbezogenen Daten \u00fcber den Verbraucher l\u00f6scht, die es gesammelt hat.<\/p><p>Fordern Sie ein Unternehmen, das personenbezogene Daten von Verbrauchern verkauft, auf, die personenbezogenen Daten des Verbrauchers nicht zu verkaufen.<\/p><p>Wenn Sie einen Antrag stellen, haben wir einen Monat Zeit, Ihnen zu antworten. Wenn Sie eines dieser Rechte aus\u00fcben m\u00f6chten, kontaktieren Sie uns bitte.<\/p><p>DSGVO-Datenschutzrechte<\/p><p>Wir m\u00f6chten sicherstellen, dass Sie \u00fcber alle Ihre Datenschutzrechte vollst\u00e4ndig informiert sind. Jeder Nutzer hat Anspruch auf Folgendes:<\/p><p>Recht auf Zugang \u2013 Sie haben das Recht, Kopien Ihrer personenbezogenen Daten anzufordern. F\u00fcr diesen Service k\u00f6nnen wir Ihnen eine geringe Geb\u00fchr in Rechnung stellen.<\/p><p>Das Recht auf Berichtigung \u2013 Sie haben das Recht, von uns die Berichtigung von Informationen zu verlangen, die Ihrer Meinung nach unrichtig sind. Sie haben auch das Recht, von uns die Vervollst\u00e4ndigung von Informationen zu verlangen, die Ihrer Meinung nach unvollst\u00e4ndig sind.<\/p><p>Das Recht auf L\u00f6schung \u2013 Sie haben das Recht, unter bestimmten Voraussetzungen die L\u00f6schung Ihrer personenbezogenen Daten zu verlangen.<\/p><p>Das Recht auf Einschr\u00e4nkung der Verarbeitung \u2013 Sie haben das Recht, unter bestimmten Voraussetzungen zu verlangen, dass wir die Verarbeitung Ihrer personenbezogenen Daten einschr\u00e4nken.<\/p><p>Widerspruchsrecht \u2013 Sie haben unter bestimmten Voraussetzungen das Recht, unserer Verarbeitung Ihrer personenbezogenen Daten zu widersprechen.<\/p><p>Das Recht auf Daten\u00fcbertragbarkeit \u2013 Sie haben das Recht, unter bestimmten Bedingungen zu verlangen, dass wir die von uns erhobenen Daten an eine andere Organisation oder direkt an Sie \u00fcbertragen.<br \/>Wenn Sie einen Antrag stellen, haben wir einen Monat Zeit, Ihnen zu antworten. Wenn Sie eines dieser Rechte aus\u00fcben m\u00f6chten, kontaktieren Sie uns bitte.<\/p><p>Informationen f\u00fcr Kinder<\/p><p>Ein weiterer Schwerpunkt unserer Arbeit ist der Schutz von Kindern bei der Nutzung des Internets. Wir ermutigen Eltern und Erziehungsberechtigte, die Online-Aktivit\u00e4ten ihrer Kinder zu beobachten, daran teilzunehmen und\/oder sie zu \u00fcberwachen und zu begleiten.<\/p><p>Qingshan Steel sammelt wissentlich keine personenbezogenen Daten von Kindern unter 13 Jahren. Wenn Sie glauben, dass Ihr Kind solche Daten auf unserer Website angegeben hat, bitten wir Sie dringend, sich umgehend mit uns in Verbindung zu setzen. Wir werden uns dann nach Kr\u00e4ften bem\u00fchen, diese Daten unverz\u00fcglich aus unseren Unterlagen zu l\u00f6schen.<\/p><p>\u00a0<\/p>\t\t\t\t\t\t\t\t<\/div>\n\t\t\t\t\t<\/div>\n\t\t\t\t<\/div>\n\t\t\t\t<\/div>","protected":false},"excerpt":{"rendered":"<p>Privacy Policy Home At Qingshan Steel, accessible from qingshanmetals.com, one of our main priorities is the privacy of our visitors. This Privacy Policy document contains types of information that is collected and recorded by Qingshan Steel and how we use it. If you have additional questions or require more information about our Privacy Policy, do [&hellip;]<\/p>","protected":false},"author":1,"featured_media":0,"parent":0,"menu_order":0,"comment_status":"closed","ping_status":"closed","template":"elementor_header_footer","meta":{"_acf_changed":false,"footnotes":""},"class_list":["post-2177","page","type-page","status-publish","hentry"],"acf":[],"_links":{"self":[{"href":"https:\/\/qingshanmetals.com\/de\/wp-json\/wp\/v2\/pages\/2177","targetHints":{"allow":["GET"]}}],"collection":[{"href":"https:\/\/qingshanmetals.com\/de\/wp-json\/wp\/v2\/pages"}],"about":[{"href":"https:\/\/qingshanmetals.com\/de\/wp-json\/wp\/v2\/types\/page"}],"author":[{"embeddable":true,"href":"https:\/\/qingshanmetals.com\/de\/wp-json\/wp\/v2\/users\/1"}],"replies":[{"embeddable":true,"href":"https:\/\/qingshanmetals.com\/de\/wp-json\/wp\/v2\/comments?post=2177"}],"version-history":[{"count":0,"href":"https:\/\/qingshanmetals.com\/de\/wp-json\/wp\/v2\/pages\/2177\/revisions"}],"wp:attachment":[{"href":"https:\/\/qingshanmetals.com\/de\/wp-json\/wp\/v2\/media?parent=2177"}],"curies":[{"name":"wp","href":"https:\/\/api.w.org\/{rel}","templated":true}]}}